{"id":39,"date":"2025-02-05T11:01:42","date_gmt":"2025-02-05T11:01:42","guid":{"rendered":"https:\/\/bourdonhogeschool.nl\/contacts\/"},"modified":"2025-02-05T11:01:42","modified_gmt":"2025-02-05T11:01:42","slug":"contacts","status":"publish","type":"page","link":"https:\/\/bourdonhogeschool.nl\/ro\/contacts\/","title":{"rendered":"Contacte"},"content":{"rendered":"<p>Apreciem interesul dumneavoastr\u0103 fa\u021b\u0103 de articolele \u0219i produsele noastre. Echipa noastr\u0103 este gata s\u0103 v\u0103 ajute!<\/p>\n<h2>Formular de contact<\/h2>\n<form action=\"\/ro\/versturen\/\" method=\"post\" data-trp-original-action=\"\/versturen\">\n            <label for=\"naam\">Nume:<\/label><br \/>\n            <input type=\"text\" id=\"naam\" name=\"naam\" required><\/p>\n<p>            <label for=\"email\">Adresa de e-mail:<\/label><br \/>\n            <input type=\"email\" id=\"email\" name=\"email\" required><\/p>\n<p>            <label for=\"onderwerp\">Subiect:<\/label><br \/>\n            <input type=\"text\" id=\"onderwerp\" name=\"onderwerp\" required><\/p>\n<p>            <label for=\"bericht\">Mesaj:<\/label><br \/>\n            <textarea id=\"bericht\" name=\"bericht\" rows=\"5\" required><\/textarea><\/p>\n<p>            <button type=\"submit\">Trimite<\/button><br \/>\n        <input type=\"hidden\" name=\"trp-form-language\" value=\"ro\"\/><\/form>","protected":false},"excerpt":{"rendered":"<p>We waarderen je interesse in onze artikelen en producten. Ons team staat klaar om je te helpen! Contactformulier Naam: E-mailadres: Onderwerp: Bericht: Verzenden<\/p>","protected":false},"author":1,"featured_media":0,"parent":0,"menu_order":0,"comment_status":"closed","ping_status":"closed","template":"","meta":{"_acf_changed":false,"footnotes":""},"class_list":["post-39","page","type-page","status-publish","hentry"],"acf":[],"yoast_head":"<!-- This site is optimized with the Yoast SEO plugin v23.2 - https:\/\/yoast.com\/wordpress\/plugins\/seo\/ -->\n<title>Contacts - bourdonhogeschool.nl<\/title>\n<meta name=\"description\" content=\"Neem contact met ons op voor vragen of suggesties over onze artikelen en producten. Wij staan voor je klaar!\" \/>\n<meta name=\"robots\" content=\"index, follow, max-snippet:-1, max-image-preview:large, max-video-preview:-1\" \/>\n<link rel=\"canonical\" href=\"https:\/\/bourdonhogeschool.nl\/ro\/contacts\/\" \/>\n<meta property=\"og:locale\" content=\"ro_RO\" \/>\n<meta property=\"og:type\" content=\"article\" \/>\n<meta property=\"og:title\" content=\"Contacts - bourdonhogeschool.nl\" \/>\n<meta property=\"og:description\" content=\"Neem contact met ons op voor vragen of suggesties over onze artikelen en producten. Wij staan voor je klaar!\" \/>\n<meta property=\"og:url\" content=\"https:\/\/bourdonhogeschool.nl\/ro\/contacts\/\" \/>\n<meta property=\"og:site_name\" content=\"bourdonhogeschool.nl\" \/>\n<meta name=\"twitter:card\" content=\"summary_large_image\" \/>\n<script type=\"application\/ld+json\" class=\"yoast-schema-graph\">{\"@context\":\"https:\/\/schema.org\",\"@graph\":[{\"@type\":\"WebPage\",\"@id\":\"https:\/\/bourdonhogeschool.nl\/contacts\/\",\"url\":\"https:\/\/bourdonhogeschool.nl\/contacts\/\",\"name\":\"Contacts - bourdonhogeschool.nl\",\"isPartOf\":{\"@id\":\"https:\/\/bourdonhogeschool.nl\/#website\"},\"datePublished\":\"2025-02-05T11:01:42+00:00\",\"dateModified\":\"2025-02-05T11:01:42+00:00\",\"description\":\"Neem contact met ons op voor vragen of suggesties over onze artikelen en producten. Wij staan voor je klaar!\",\"breadcrumb\":{\"@id\":\"https:\/\/bourdonhogeschool.nl\/contacts\/#breadcrumb\"},\"inLanguage\":\"ro-RO\",\"potentialAction\":[{\"@type\":\"ReadAction\",\"target\":[\"https:\/\/bourdonhogeschool.nl\/contacts\/\"]}]},{\"@type\":\"BreadcrumbList\",\"@id\":\"https:\/\/bourdonhogeschool.nl\/contacts\/#breadcrumb\",\"itemListElement\":[{\"@type\":\"ListItem\",\"position\":1,\"name\":\"Home\",\"item\":\"https:\/\/bourdonhogeschool.nl\/\"},{\"@type\":\"ListItem\",\"position\":2,\"name\":\"Contacts\"}]},{\"@type\":\"WebSite\",\"@id\":\"https:\/\/bourdonhogeschool.nl\/#website\",\"url\":\"https:\/\/bourdonhogeschool.nl\/\",\"name\":\"bourdonhogeschool.nl\",\"description\":\"Mode en kleding om je stijl te inspireren\",\"potentialAction\":[{\"@type\":\"SearchAction\",\"target\":{\"@type\":\"EntryPoint\",\"urlTemplate\":\"https:\/\/bourdonhogeschool.nl\/?s={search_term_string}\"},\"query-input\":\"required name=search_term_string\"}],\"inLanguage\":\"ro-RO\"}]}<\/script>\n<!-- \/ Yoast SEO plugin. -->","yoast_head_json":{"title":"Contacts - bourdonhogeschool.nl","description":"Neem contact met ons op voor vragen of suggesties over onze artikelen en producten. Wij staan voor je klaar!","robots":{"index":"index","follow":"follow","max-snippet":"max-snippet:-1","max-image-preview":"max-image-preview:large","max-video-preview":"max-video-preview:-1"},"canonical":"https:\/\/bourdonhogeschool.nl\/ro\/contacts\/","og_locale":"ro_RO","og_type":"article","og_title":"Contacts - bourdonhogeschool.nl","og_description":"Neem contact met ons op voor vragen of suggesties over onze artikelen en producten. Wij staan voor je klaar!","og_url":"https:\/\/bourdonhogeschool.nl\/ro\/contacts\/","og_site_name":"bourdonhogeschool.nl","twitter_card":"summary_large_image","schema":{"@context":"https:\/\/schema.org","@graph":[{"@type":"WebPage","@id":"https:\/\/bourdonhogeschool.nl\/contacts\/","url":"https:\/\/bourdonhogeschool.nl\/contacts\/","name":"Contacts - bourdonhogeschool.nl","isPartOf":{"@id":"https:\/\/bourdonhogeschool.nl\/#website"},"datePublished":"2025-02-05T11:01:42+00:00","dateModified":"2025-02-05T11:01:42+00:00","description":"Neem contact met ons op voor vragen of suggesties over onze artikelen en producten. Wij staan voor je klaar!","breadcrumb":{"@id":"https:\/\/bourdonhogeschool.nl\/contacts\/#breadcrumb"},"inLanguage":"ro-RO","potentialAction":[{"@type":"ReadAction","target":["https:\/\/bourdonhogeschool.nl\/contacts\/"]}]},{"@type":"BreadcrumbList","@id":"https:\/\/bourdonhogeschool.nl\/contacts\/#breadcrumb","itemListElement":[{"@type":"ListItem","position":1,"name":"Home","item":"https:\/\/bourdonhogeschool.nl\/"},{"@type":"ListItem","position":2,"name":"Contacts"}]},{"@type":"WebSite","@id":"https:\/\/bourdonhogeschool.nl\/#website","url":"https:\/\/bourdonhogeschool.nl\/","name":"bourdonhogeschool.nl","description":"Mode en kleding om je stijl te inspireren","potentialAction":[{"@type":"SearchAction","target":{"@type":"EntryPoint","urlTemplate":"https:\/\/bourdonhogeschool.nl\/?s={search_term_string}"},"query-input":"required name=search_term_string"}],"inLanguage":"ro-RO"}]}},"yoast_meta":{"yoast_wpseo_title":"","yoast_wpseo_metadesc":"","yoast_wpseo_canonical":"https:\/\/bourdonhogeschool.nl\/ro\/wp-json\/wp\/v2\/pages\/39"},"_links":{"self":[{"href":"https:\/\/bourdonhogeschool.nl\/ro\/wp-json\/wp\/v2\/pages\/39","targetHints":{"allow":["GET"]}}],"collection":[{"href":"https:\/\/bourdonhogeschool.nl\/ro\/wp-json\/wp\/v2\/pages"}],"about":[{"href":"https:\/\/bourdonhogeschool.nl\/ro\/wp-json\/wp\/v2\/types\/page"}],"author":[{"embeddable":true,"href":"https:\/\/bourdonhogeschool.nl\/ro\/wp-json\/wp\/v2\/users\/1"}],"replies":[{"embeddable":true,"href":"https:\/\/bourdonhogeschool.nl\/ro\/wp-json\/wp\/v2\/comments?post=39"}],"version-history":[{"count":0,"href":"https:\/\/bourdonhogeschool.nl\/ro\/wp-json\/wp\/v2\/pages\/39\/revisions"}],"wp:attachment":[{"href":"https:\/\/bourdonhogeschool.nl\/ro\/wp-json\/wp\/v2\/media?parent=39"}],"curies":[{"name":"wp","href":"https:\/\/api.w.org\/{rel}","templated":true}]}}