{"id":38,"date":"2025-02-05T11:01:40","date_gmt":"2025-02-05T11:01:40","guid":{"rendered":"https:\/\/bourdonhogeschool.nl\/over-ons\/"},"modified":"2025-02-05T14:38:20","modified_gmt":"2025-02-05T14:38:20","slug":"over-ons","status":"publish","type":"page","link":"https:\/\/bourdonhogeschool.nl\/ro\/over-ons\/","title":{"rendered":"Despre noi"},"content":{"rendered":"<p>Bine a\u021bi venit la <strong>Universitatea Bourdon<\/strong>, locul unde moda \u0219i inspira\u021bia se \u00eent\u00e2lnesc! Blogul nostru este destinat oricui dore\u0219te s\u0103 fie la curent cu cele mai recente tendin\u021be \u00een mod\u0103, caut\u0103 sfaturi de stil sau pur \u0219i simplu vrea s\u0103-\u0219i descopere \u0219i s\u0103-\u0219i perfec\u021bioneze propriul stil.<\/p>\n<p><img loading=\"lazy\" decoding=\"async\" class=\"aligncenter wp-image-37 size-full\" src=\"https:\/\/bourdonhogeschool.nl\/wp-content\/uploads\/2025\/02\/lnyanoj-skroennyj-vorotnik-kurtka-blejzer-i-futbolka-s-logotipom.jpg\" alt=\"\" width=\"612\" height=\"612\" srcset=\"https:\/\/bourdonhogeschool.nl\/wp-content\/uploads\/2025\/02\/lnyanoj-skroennyj-vorotnik-kurtka-blejzer-i-futbolka-s-logotipom.jpg 612w, https:\/\/bourdonhogeschool.nl\/wp-content\/uploads\/2025\/02\/lnyanoj-skroennyj-vorotnik-kurtka-blejzer-i-futbolka-s-logotipom-300x300.jpg 300w, https:\/\/bourdonhogeschool.nl\/wp-content\/uploads\/2025\/02\/lnyanoj-skroennyj-vorotnik-kurtka-blejzer-i-futbolka-s-logotipom-150x150.jpg 150w\" sizes=\"auto, (max-width: 612px) 100vw, 612px\" \/><\/p>\n<h2>Ce oferim<\/h2>\n<ul>\n<li>Tendin\u021be actuale \u00een mod\u0103 \u0219i ghiduri de stil sezoniere<\/li>\n<li>Inspira\u021bie vestimentar\u0103 \u2013 de la casual la high fashion<\/li>\n<li>Mod\u0103 sustenabil\u0103 \u0219i alegeri vestimentare con\u0219tiente<\/li>\n<li>Interviuri cu exper\u021bi \u0219i sfaturi exclusive de stil<\/li>\n<li>Accesorii \u0219i sfaturi de stilizare pentru un look complet<\/li>\n<\/ul>\n<p>Moda este mai mult dec\u00e2t haine; este o modalitate de a te exprima. Indiferent dac\u0103 e\u0219ti un creator de tendin\u021be sau vrei s\u0103-\u021bi descoperi stilul personal, Universitatea Bourdon te va ajuta pe parcurs. Cufund\u0103-te \u00een articolele noastre \u0219i inspir\u0103-te!<\/p>","protected":false},"excerpt":{"rendered":"<p>Welkom bij BourdonHogeschool, d\u00e9 plek waar mode en inspiratie samenkomen! Onze blog is er voor iedereen die op de hoogte wil blijven van de nieuwste fashiontrends,&#46;&#46;&#46;<\/p>","protected":false},"author":1,"featured_media":0,"parent":0,"menu_order":0,"comment_status":"closed","ping_status":"closed","template":"","meta":{"_acf_changed":false,"footnotes":""},"class_list":["post-38","page","type-page","status-publish","hentry"],"acf":[],"yoast_head":"<!-- This site is optimized with the Yoast SEO plugin v23.2 - https:\/\/yoast.com\/wordpress\/plugins\/seo\/ -->\n<title>Over ons - bourdonhogeschool.nl<\/title>\n<meta name=\"description\" content=\"BourdonHogeschool is jouw fashionblog met trends, stylingtips en duurzame mode-inspiratie voor een unieke look.\" \/>\n<meta name=\"robots\" content=\"index, follow, max-snippet:-1, max-image-preview:large, max-video-preview:-1\" \/>\n<link rel=\"canonical\" href=\"https:\/\/bourdonhogeschool.nl\/ro\/over-ons\/\" \/>\n<meta property=\"og:locale\" content=\"ro_RO\" \/>\n<meta property=\"og:type\" content=\"article\" \/>\n<meta property=\"og:title\" content=\"Over ons - bourdonhogeschool.nl\" \/>\n<meta property=\"og:description\" content=\"BourdonHogeschool is jouw fashionblog met trends, stylingtips en duurzame mode-inspiratie voor een unieke look.\" \/>\n<meta property=\"og:url\" content=\"https:\/\/bourdonhogeschool.nl\/ro\/over-ons\/\" \/>\n<meta property=\"og:site_name\" content=\"bourdonhogeschool.nl\" \/>\n<meta property=\"article:modified_time\" content=\"2025-02-05T14:38:20+00:00\" \/>\n<meta property=\"og:image\" content=\"https:\/\/bourdonhogeschool.nl\/wp-content\/uploads\/2025\/02\/lnyanoj-skroennyj-vorotnik-kurtka-blejzer-i-futbolka-s-logotipom.jpg\" \/>\n<meta name=\"twitter:card\" content=\"summary_large_image\" \/>\n<meta name=\"twitter:label1\" content=\"Timp estimat pentru citire\" \/>\n\t<meta name=\"twitter:data1\" content=\"1 minut\" \/>\n<script type=\"application\/ld+json\" class=\"yoast-schema-graph\">{\"@context\":\"https:\/\/schema.org\",\"@graph\":[{\"@type\":\"WebPage\",\"@id\":\"https:\/\/bourdonhogeschool.nl\/over-ons\/\",\"url\":\"https:\/\/bourdonhogeschool.nl\/over-ons\/\",\"name\":\"Over ons - bourdonhogeschool.nl\",\"isPartOf\":{\"@id\":\"https:\/\/bourdonhogeschool.nl\/#website\"},\"primaryImageOfPage\":{\"@id\":\"https:\/\/bourdonhogeschool.nl\/over-ons\/#primaryimage\"},\"image\":{\"@id\":\"https:\/\/bourdonhogeschool.nl\/over-ons\/#primaryimage\"},\"thumbnailUrl\":\"https:\/\/bourdonhogeschool.nl\/wp-content\/uploads\/2025\/02\/lnyanoj-skroennyj-vorotnik-kurtka-blejzer-i-futbolka-s-logotipom.jpg\",\"datePublished\":\"2025-02-05T11:01:40+00:00\",\"dateModified\":\"2025-02-05T14:38:20+00:00\",\"description\":\"BourdonHogeschool is jouw fashionblog met trends, stylingtips en duurzame mode-inspiratie voor een unieke look.\",\"breadcrumb\":{\"@id\":\"https:\/\/bourdonhogeschool.nl\/over-ons\/#breadcrumb\"},\"inLanguage\":\"ro-RO\",\"potentialAction\":[{\"@type\":\"ReadAction\",\"target\":[\"https:\/\/bourdonhogeschool.nl\/over-ons\/\"]}]},{\"@type\":\"ImageObject\",\"inLanguage\":\"ro-RO\",\"@id\":\"https:\/\/bourdonhogeschool.nl\/over-ons\/#primaryimage\",\"url\":\"https:\/\/bourdonhogeschool.nl\/wp-content\/uploads\/2025\/02\/lnyanoj-skroennyj-vorotnik-kurtka-blejzer-i-futbolka-s-logotipom.jpg\",\"contentUrl\":\"https:\/\/bourdonhogeschool.nl\/wp-content\/uploads\/2025\/02\/lnyanoj-skroennyj-vorotnik-kurtka-blejzer-i-futbolka-s-logotipom.jpg\"},{\"@type\":\"BreadcrumbList\",\"@id\":\"https:\/\/bourdonhogeschool.nl\/over-ons\/#breadcrumb\",\"itemListElement\":[{\"@type\":\"ListItem\",\"position\":1,\"name\":\"Home\",\"item\":\"https:\/\/bourdonhogeschool.nl\/\"},{\"@type\":\"ListItem\",\"position\":2,\"name\":\"Over ons\"}]},{\"@type\":\"WebSite\",\"@id\":\"https:\/\/bourdonhogeschool.nl\/#website\",\"url\":\"https:\/\/bourdonhogeschool.nl\/\",\"name\":\"bourdonhogeschool.nl\",\"description\":\"Mode en kleding om je stijl te inspireren\",\"potentialAction\":[{\"@type\":\"SearchAction\",\"target\":{\"@type\":\"EntryPoint\",\"urlTemplate\":\"https:\/\/bourdonhogeschool.nl\/?s={search_term_string}\"},\"query-input\":\"required name=search_term_string\"}],\"inLanguage\":\"ro-RO\"}]}<\/script>\n<!-- \/ Yoast SEO plugin. -->","yoast_head_json":{"title":"Over ons - bourdonhogeschool.nl","description":"BourdonHogeschool is jouw fashionblog met trends, stylingtips en duurzame mode-inspiratie voor een unieke look.","robots":{"index":"index","follow":"follow","max-snippet":"max-snippet:-1","max-image-preview":"max-image-preview:large","max-video-preview":"max-video-preview:-1"},"canonical":"https:\/\/bourdonhogeschool.nl\/ro\/over-ons\/","og_locale":"ro_RO","og_type":"article","og_title":"Over ons - bourdonhogeschool.nl","og_description":"BourdonHogeschool is jouw fashionblog met trends, stylingtips en duurzame mode-inspiratie voor een unieke look.","og_url":"https:\/\/bourdonhogeschool.nl\/ro\/over-ons\/","og_site_name":"bourdonhogeschool.nl","article_modified_time":"2025-02-05T14:38:20+00:00","og_image":[{"url":"https:\/\/bourdonhogeschool.nl\/wp-content\/uploads\/2025\/02\/lnyanoj-skroennyj-vorotnik-kurtka-blejzer-i-futbolka-s-logotipom.jpg"}],"twitter_card":"summary_large_image","twitter_misc":{"Timp estimat pentru citire":"1 minut"},"schema":{"@context":"https:\/\/schema.org","@graph":[{"@type":"WebPage","@id":"https:\/\/bourdonhogeschool.nl\/over-ons\/","url":"https:\/\/bourdonhogeschool.nl\/over-ons\/","name":"Over ons - bourdonhogeschool.nl","isPartOf":{"@id":"https:\/\/bourdonhogeschool.nl\/#website"},"primaryImageOfPage":{"@id":"https:\/\/bourdonhogeschool.nl\/over-ons\/#primaryimage"},"image":{"@id":"https:\/\/bourdonhogeschool.nl\/over-ons\/#primaryimage"},"thumbnailUrl":"https:\/\/bourdonhogeschool.nl\/wp-content\/uploads\/2025\/02\/lnyanoj-skroennyj-vorotnik-kurtka-blejzer-i-futbolka-s-logotipom.jpg","datePublished":"2025-02-05T11:01:40+00:00","dateModified":"2025-02-05T14:38:20+00:00","description":"BourdonHogeschool is jouw fashionblog met trends, stylingtips en duurzame mode-inspiratie voor een unieke look.","breadcrumb":{"@id":"https:\/\/bourdonhogeschool.nl\/over-ons\/#breadcrumb"},"inLanguage":"ro-RO","potentialAction":[{"@type":"ReadAction","target":["https:\/\/bourdonhogeschool.nl\/over-ons\/"]}]},{"@type":"ImageObject","inLanguage":"ro-RO","@id":"https:\/\/bourdonhogeschool.nl\/over-ons\/#primaryimage","url":"https:\/\/bourdonhogeschool.nl\/wp-content\/uploads\/2025\/02\/lnyanoj-skroennyj-vorotnik-kurtka-blejzer-i-futbolka-s-logotipom.jpg","contentUrl":"https:\/\/bourdonhogeschool.nl\/wp-content\/uploads\/2025\/02\/lnyanoj-skroennyj-vorotnik-kurtka-blejzer-i-futbolka-s-logotipom.jpg"},{"@type":"BreadcrumbList","@id":"https:\/\/bourdonhogeschool.nl\/over-ons\/#breadcrumb","itemListElement":[{"@type":"ListItem","position":1,"name":"Home","item":"https:\/\/bourdonhogeschool.nl\/"},{"@type":"ListItem","position":2,"name":"Over ons"}]},{"@type":"WebSite","@id":"https:\/\/bourdonhogeschool.nl\/#website","url":"https:\/\/bourdonhogeschool.nl\/","name":"bourdonhogeschool.nl","description":"Mode en kleding om je stijl te inspireren","potentialAction":[{"@type":"SearchAction","target":{"@type":"EntryPoint","urlTemplate":"https:\/\/bourdonhogeschool.nl\/?s={search_term_string}"},"query-input":"required name=search_term_string"}],"inLanguage":"ro-RO"}]}},"yoast_meta":{"yoast_wpseo_title":"","yoast_wpseo_metadesc":"","yoast_wpseo_canonical":"https:\/\/bourdonhogeschool.nl\/ro\/wp-json\/wp\/v2\/pages\/38"},"_links":{"self":[{"href":"https:\/\/bourdonhogeschool.nl\/ro\/wp-json\/wp\/v2\/pages\/38","targetHints":{"allow":["GET"]}}],"collection":[{"href":"https:\/\/bourdonhogeschool.nl\/ro\/wp-json\/wp\/v2\/pages"}],"about":[{"href":"https:\/\/bourdonhogeschool.nl\/ro\/wp-json\/wp\/v2\/types\/page"}],"author":[{"embeddable":true,"href":"https:\/\/bourdonhogeschool.nl\/ro\/wp-json\/wp\/v2\/users\/1"}],"replies":[{"embeddable":true,"href":"https:\/\/bourdonhogeschool.nl\/ro\/wp-json\/wp\/v2\/comments?post=38"}],"version-history":[{"count":1,"href":"https:\/\/bourdonhogeschool.nl\/ro\/wp-json\/wp\/v2\/pages\/38\/revisions"}],"predecessor-version":[{"id":47,"href":"https:\/\/bourdonhogeschool.nl\/ro\/wp-json\/wp\/v2\/pages\/38\/revisions\/47"}],"wp:attachment":[{"href":"https:\/\/bourdonhogeschool.nl\/ro\/wp-json\/wp\/v2\/media?parent=38"}],"curies":[{"name":"wp","href":"https:\/\/api.w.org\/{rel}","templated":true}]}}